{"id":156,"date":"2023-03-22T15:33:38","date_gmt":"2023-03-22T14:33:38","guid":{"rendered":"https:\/\/www.klassik-rallye-berlin-brandenburg.de\/?page_id=156"},"modified":"2024-06-07T08:56:50","modified_gmt":"2024-06-07T06:56:50","slug":"impressum","status":"publish","type":"page","link":"https:\/\/www.klassik-rallye-berlin-brandenburg.de\/?page_id=156","title":{"rendered":"Impressum"},"content":{"rendered":"<div class='flex_column av-8x6mc-3bef98129c276fb3f89c7e014df1ff07 av_one_full  avia-builder-el-0  avia-builder-el-no-sibling  first flex_column_div '     ><section  class='av_textblock_section av-lfjsbhwx-a8f680ee16ff6ee3c52d1d3c9cf64a91'  itemscope=\"itemscope\" itemtype=\"https:\/\/schema.org\/CreativeWork\" ><div class='avia_textblock'  itemprop=\"text\" ><p><main class=\"template-page content av-content-full alpha units\" role=\"main\"><\/p>\n<div class=\"post-entry post-entry-type-page post-entry-224\">\n<div class=\"entry-content-wrapper clearfix\">\n<div class=\"flex_column av-7zu20-2409250be06ca3a04422365fc4319ce9 av_one_full avia-builder-el-0 avia-builder-el-no-sibling first flex_column_div av-zero-column-padding \">\n<section class=\"av_textblock_section av-kmjdl03r-27a1341ac9c233783c8a9ea2969d7510\">\n<div class=\"avia_textblock\">\n<h1>Impressum<\/h1>\n<h2>Angaben gem\u00e4\u00df \u00a7 5 DDG<\/h2>\n<p>Victory Team Berlin e. V.<br \/>\nLeuchtenburgstra\u00dfe 26<br \/>\n14165 Berlin<\/p>\n<p><strong>Vertreten durch den Vorstand:<\/strong><br \/>\nPeter Freiberg, 1. Vorsitzender<\/p>\n<h2>Kontakt<\/h2>\n<p>Telefon: 030 \u2013 752 11 26 (B\u00fcro)<br \/>\nTelefax: 030 \u2013 752 30 36<br \/>\nE-Mail: info@klassik-rallye-berlin-brandenburg.de<\/p>\n<h2>Streitschlichtung<\/h2>\n<p>Die Europ\u00e4ische Kommission stellt eine Plattform zur Online-Streitbeilegung (OS) bereit: <a href=\"https:\/\/ec.europa.eu\/consumers\/odr\" target=\"_blank\" rel=\"noopener\">https:\/\/ec.europa.eu\/consumers\/odr<\/a>.<br \/>\nUnsere E-Mail-Adresse finden Sie oben im Impressum.<\/p>\n<p>Wir sind nicht bereit oder verpflichtet, an Streitbeilegungsverfahren vor einer Verbraucherschlichtungsstelle teilzunehmen.<\/p>\n<h3>Haftung f\u00fcr Inhalte<\/h3>\n<p>Als Diensteanbieter sind wir gem\u00e4\u00df \u00a7 7 Abs.1 DDG f\u00fcr eigene Inhalte auf diesen Seiten nach den allgemeinen Gesetzen verantwortlich. Nach \u00a7\u00a7 8 bis 10 DDG sind wir als Diensteanbieter jedoch nicht verpflichtet, \u00fcbermittelte oder gespeicherte fremde Informationen zu \u00fcberwachen oder nach Umst\u00e4nden zu forschen, die auf eine rechtswidrige T\u00e4tigkeit hinweisen.<\/p>\n<p>Verpflichtungen zur Entfernung oder Sperrung der Nutzung von Informationen nach den allgemeinen Gesetzen bleiben hiervon unber\u00fchrt. Eine diesbez\u00fcgliche Haftung ist jedoch erst ab dem Zeitpunkt der Kenntnis einer konkreten Rechtsverletzung m\u00f6glich. Bei Bekanntwerden von entsprechenden Rechtsverletzungen werden wir diese Inhalte umgehend entfernen.<\/p>\n<h3>Haftung f\u00fcr Links<\/h3>\n<p>Unser Angebot enth\u00e4lt Links zu externen Websites Dritter, auf deren Inhalte wir keinen Einfluss haben. Deshalb k\u00f6nnen wir f\u00fcr diese fremden Inhalte auch keine Gew\u00e4hr \u00fcbernehmen. F\u00fcr die Inhalte der verlinkten Seiten ist stets der jeweilige Anbieter oder Betreiber der Seiten verantwortlich. Die verlinkten Seiten wurden zum Zeitpunkt der Verlinkung auf m\u00f6gliche Rechtsverst\u00f6\u00dfe \u00fcberpr\u00fcft. Rechtswidrige Inhalte waren zum Zeitpunkt der Verlinkung nicht erkennbar.<\/p>\n<p>Eine permanente inhaltliche Kontrolle der verlinkten Seiten ist jedoch ohne konkrete Anhaltspunkte einer Rechtsverletzung nicht zumutbar. Bei Bekanntwerden von Rechtsverletzungen werden wir derartige Links umgehend entfernen.<\/p>\n<h3>Urheberrecht<\/h3>\n<p>Die durch die Seitenbetreiber erstellten Inhalte und Werke auf diesen Seiten unterliegen dem deutschen Urheberrecht. Die Vervielf\u00e4ltigung, Bearbeitung, Verbreitung und jede Art der Verwertung au\u00dferhalb der Grenzen des Urheberrechtes bed\u00fcrfen der schriftlichen Zustimmung des jeweiligen Autors bzw. Erstellers. Downloads und Kopien dieser Seite sind nur f\u00fcr den privaten, nicht kommerziellen Gebrauch gestattet.<\/p>\n<p>Soweit die Inhalte auf dieser Seite nicht vom Betreiber erstellt wurden, werden die Urheberrechte Dritter beachtet. Insbesondere werden Inhalte Dritter als solche gekennzeichnet. Sollten Sie trotzdem auf eine Urheberrechtsverletzung aufmerksam werden, bitten wir um einen entsprechenden Hinweis. Bei Bekanntwerden von Rechtsverletzungen werden wir derartige Inhalte umgehend entfernen.<\/p>\n<\/div>\n<\/section>\n<\/div>\n<\/div>\n<\/div>\n<p><\/main><\/p>\n<\/div><\/section><\/div>\n","protected":false},"excerpt":{"rendered":"","protected":false},"author":1,"featured_media":0,"parent":0,"menu_order":0,"comment_status":"closed","ping_status":"closed","template":"","meta":{"footnotes":""},"class_list":["post-156","page","type-page","status-publish","hentry"],"yoast_head":"<!-- This site is optimized with the Yoast SEO plugin v27.5 - https:\/\/yoast.com\/product\/yoast-seo-wordpress\/ -->\n<title>Impressum - Klassik Berlin Brandenburg<\/title>\n<meta name=\"robots\" content=\"index, follow, max-snippet:-1, max-image-preview:large, max-video-preview:-1\" \/>\n<link rel=\"canonical\" href=\"https:\/\/www.klassik-rallye-berlin-brandenburg.de\/?page_id=156\" \/>\n<meta property=\"og:locale\" content=\"de_DE\" \/>\n<meta property=\"og:type\" content=\"article\" \/>\n<meta property=\"og:title\" content=\"Impressum - Klassik Berlin Brandenburg\" \/>\n<meta property=\"og:url\" content=\"https:\/\/www.klassik-rallye-berlin-brandenburg.de\/?page_id=156\" \/>\n<meta property=\"og:site_name\" content=\"Klassik Berlin Brandenburg\" \/>\n<meta property=\"article:modified_time\" content=\"2024-06-07T06:56:50+00:00\" \/>\n<meta name=\"twitter:card\" content=\"summary_large_image\" \/>\n<meta name=\"twitter:label1\" content=\"Gesch\u00e4tzte Lesezeit\" \/>\n\t<meta name=\"twitter:data1\" content=\"3\u00a0Minuten\" \/>\n<script type=\"application\/ld+json\" class=\"yoast-schema-graph\">{\"@context\":\"https:\\\/\\\/schema.org\",\"@graph\":[{\"@type\":\"WebPage\",\"@id\":\"https:\\\/\\\/www.klassik-rallye-berlin-brandenburg.de\\\/?page_id=156\",\"url\":\"https:\\\/\\\/www.klassik-rallye-berlin-brandenburg.de\\\/?page_id=156\",\"name\":\"Impressum - Klassik Berlin Brandenburg\",\"isPartOf\":{\"@id\":\"https:\\\/\\\/www.klassik-rallye-berlin-brandenburg.de\\\/#website\"},\"datePublished\":\"2023-03-22T14:33:38+00:00\",\"dateModified\":\"2024-06-07T06:56:50+00:00\",\"breadcrumb\":{\"@id\":\"https:\\\/\\\/www.klassik-rallye-berlin-brandenburg.de\\\/?page_id=156#breadcrumb\"},\"inLanguage\":\"de\",\"potentialAction\":[{\"@type\":\"ReadAction\",\"target\":[\"https:\\\/\\\/www.klassik-rallye-berlin-brandenburg.de\\\/?page_id=156\"]}]},{\"@type\":\"BreadcrumbList\",\"@id\":\"https:\\\/\\\/www.klassik-rallye-berlin-brandenburg.de\\\/?page_id=156#breadcrumb\",\"itemListElement\":[{\"@type\":\"ListItem\",\"position\":1,\"name\":\"Startseite\",\"item\":\"https:\\\/\\\/www.klassik-rallye-berlin-brandenburg.de\\\/\"},{\"@type\":\"ListItem\",\"position\":2,\"name\":\"Impressum\"}]},{\"@type\":\"WebSite\",\"@id\":\"https:\\\/\\\/www.klassik-rallye-berlin-brandenburg.de\\\/#website\",\"url\":\"https:\\\/\\\/www.klassik-rallye-berlin-brandenburg.de\\\/\",\"name\":\"Klassik Berlin Brandenburg\",\"description\":\"\",\"potentialAction\":[{\"@type\":\"SearchAction\",\"target\":{\"@type\":\"EntryPoint\",\"urlTemplate\":\"https:\\\/\\\/www.klassik-rallye-berlin-brandenburg.de\\\/?s={search_term_string}\"},\"query-input\":{\"@type\":\"PropertyValueSpecification\",\"valueRequired\":true,\"valueName\":\"search_term_string\"}}],\"inLanguage\":\"de\"}]}<\/script>\n<!-- \/ Yoast SEO plugin. -->","yoast_head_json":{"title":"Impressum - Klassik Berlin Brandenburg","robots":{"index":"index","follow":"follow","max-snippet":"max-snippet:-1","max-image-preview":"max-image-preview:large","max-video-preview":"max-video-preview:-1"},"canonical":"https:\/\/www.klassik-rallye-berlin-brandenburg.de\/?page_id=156","og_locale":"de_DE","og_type":"article","og_title":"Impressum - Klassik Berlin Brandenburg","og_url":"https:\/\/www.klassik-rallye-berlin-brandenburg.de\/?page_id=156","og_site_name":"Klassik Berlin Brandenburg","article_modified_time":"2024-06-07T06:56:50+00:00","twitter_card":"summary_large_image","twitter_misc":{"Gesch\u00e4tzte Lesezeit":"3\u00a0Minuten"},"schema":{"@context":"https:\/\/schema.org","@graph":[{"@type":"WebPage","@id":"https:\/\/www.klassik-rallye-berlin-brandenburg.de\/?page_id=156","url":"https:\/\/www.klassik-rallye-berlin-brandenburg.de\/?page_id=156","name":"Impressum - Klassik Berlin Brandenburg","isPartOf":{"@id":"https:\/\/www.klassik-rallye-berlin-brandenburg.de\/#website"},"datePublished":"2023-03-22T14:33:38+00:00","dateModified":"2024-06-07T06:56:50+00:00","breadcrumb":{"@id":"https:\/\/www.klassik-rallye-berlin-brandenburg.de\/?page_id=156#breadcrumb"},"inLanguage":"de","potentialAction":[{"@type":"ReadAction","target":["https:\/\/www.klassik-rallye-berlin-brandenburg.de\/?page_id=156"]}]},{"@type":"BreadcrumbList","@id":"https:\/\/www.klassik-rallye-berlin-brandenburg.de\/?page_id=156#breadcrumb","itemListElement":[{"@type":"ListItem","position":1,"name":"Startseite","item":"https:\/\/www.klassik-rallye-berlin-brandenburg.de\/"},{"@type":"ListItem","position":2,"name":"Impressum"}]},{"@type":"WebSite","@id":"https:\/\/www.klassik-rallye-berlin-brandenburg.de\/#website","url":"https:\/\/www.klassik-rallye-berlin-brandenburg.de\/","name":"Klassik Berlin Brandenburg","description":"","potentialAction":[{"@type":"SearchAction","target":{"@type":"EntryPoint","urlTemplate":"https:\/\/www.klassik-rallye-berlin-brandenburg.de\/?s={search_term_string}"},"query-input":{"@type":"PropertyValueSpecification","valueRequired":true,"valueName":"search_term_string"}}],"inLanguage":"de"}]}},"_links":{"self":[{"href":"https:\/\/www.klassik-rallye-berlin-brandenburg.de\/index.php?rest_route=\/wp\/v2\/pages\/156","targetHints":{"allow":["GET"]}}],"collection":[{"href":"https:\/\/www.klassik-rallye-berlin-brandenburg.de\/index.php?rest_route=\/wp\/v2\/pages"}],"about":[{"href":"https:\/\/www.klassik-rallye-berlin-brandenburg.de\/index.php?rest_route=\/wp\/v2\/types\/page"}],"author":[{"embeddable":true,"href":"https:\/\/www.klassik-rallye-berlin-brandenburg.de\/index.php?rest_route=\/wp\/v2\/users\/1"}],"replies":[{"embeddable":true,"href":"https:\/\/www.klassik-rallye-berlin-brandenburg.de\/index.php?rest_route=%2Fwp%2Fv2%2Fcomments&post=156"}],"version-history":[{"count":2,"href":"https:\/\/www.klassik-rallye-berlin-brandenburg.de\/index.php?rest_route=\/wp\/v2\/pages\/156\/revisions"}],"predecessor-version":[{"id":689,"href":"https:\/\/www.klassik-rallye-berlin-brandenburg.de\/index.php?rest_route=\/wp\/v2\/pages\/156\/revisions\/689"}],"wp:attachment":[{"href":"https:\/\/www.klassik-rallye-berlin-brandenburg.de\/index.php?rest_route=%2Fwp%2Fv2%2Fmedia&parent=156"}],"curies":[{"name":"wp","href":"https:\/\/api.w.org\/{rel}","templated":true}]}}